{"id":33,"date":"2023-05-12T09:31:41","date_gmt":"2023-05-12T08:31:41","guid":{"rendered":"https:\/\/matematika.otroci.org\/?page_id=33"},"modified":"2023-08-23T09:52:08","modified_gmt":"2023-08-23T07:52:08","slug":"kontakt","status":"publish","type":"page","link":"https:\/\/matematika.otroci.org\/index.php\/kontakt\/","title":{"rendered":"Kontaktirajte nas"},"content":{"rendered":"\n<p>Hvala vam na va\u0161em interesu! <br><br>Ako imate bilo kakva pitanja, komentare ili trebate dodatne informacije, molimo kontaktirajte nas na e mail <a href=\"mailto:matematika@otroci.org\" target=\"_blank\" rel=\"noreferrer noopener\">matematika@otroci.org<\/a> ili ispunite dolje navedeni kontakt obrazac. Veselimo se va\u0161e poruke i potrudit \u0107emo se da vam \u0161to prije odgovorimo. Va\u0161e povratne informacije su nam vrlo va\u017ene.<br><br><\/p>\n\n\n\n<h2 class=\"wp-block-heading\">Kontaktni obrazac<\/h2>\n\n\n<div class=\"wpforms-container wpforms-container-full wpforms-block wpforms-block-3b967e93-3cf4-4c12-9df3-6ec4d4cd304f wpforms-render-modern\" id=\"wpforms-828\"><form id=\"wpforms-form-828\" class=\"wpforms-validate wpforms-form wpforms-ajax-form\" data-formid=\"828\" method=\"post\" enctype=\"multipart\/form-data\" action=\"\/index.php\/wp-json\/wp\/v2\/pages\/33\" data-token=\"f9aca81397c7c377d46a614ad86427a7\" data-token-time=\"1777897485\"><noscript class=\"wpforms-error-noscript\">Please enable JavaScript in your browser to complete this form.<\/noscript><div class=\"wpforms-hidden\" id=\"wpforms-error-noscript\">Please enable JavaScript in your browser to complete this form.<\/div><div class=\"wpforms-field-container\"><div id=\"wpforms-828-field_0-container\" class=\"wpforms-field wpforms-field-name\" data-field-id=\"0\"><label class=\"wpforms-field-label\" for=\"wpforms-828-field_0\">Ime i Prezime <span class=\"wpforms-required-label\" aria-hidden=\"true\">*<\/span><\/label><input type=\"text\" id=\"wpforms-828-field_0\" class=\"wpforms-field-medium wpforms-field-required\" name=\"wpforms[fields][0]\" aria-errormessage=\"wpforms-828-field_0-error\" required><\/div><div id=\"wpforms-828-field_1-container\" class=\"wpforms-field wpforms-field-email\" data-field-id=\"1\"><label class=\"wpforms-field-label\" for=\"wpforms-828-field_1\">Email <span class=\"wpforms-required-label\" aria-hidden=\"true\">*<\/span><\/label><input type=\"email\" id=\"wpforms-828-field_1\" class=\"wpforms-field-medium wpforms-field-required\" name=\"wpforms[fields][1]\" spellcheck=\"false\" aria-errormessage=\"wpforms-828-field_1-error\" required><\/div><div id=\"wpforms-828-field_2-container\" class=\"wpforms-field wpforms-field-textarea\" data-field-id=\"2\"><label class=\"wpforms-field-label\" for=\"wpforms-828-field_2\">Komentar ili poruka <span class=\"wpforms-required-label\" aria-hidden=\"true\">*<\/span><\/label><textarea id=\"wpforms-828-field_2\" class=\"wpforms-field-medium wpforms-field-required\" name=\"wpforms[fields][2]\" aria-errormessage=\"wpforms-828-field_2-error\" required><\/textarea><\/div><\/div><!-- .wpforms-field-container --><div class=\"wpforms-submit-container\" ><input type=\"hidden\" name=\"wpforms[id]\" value=\"828\"><input type=\"hidden\" name=\"page_title\" value=\"\"><input type=\"hidden\" name=\"page_url\" value=\"https:\/\/matematika.otroci.org\/index.php\/wp-json\/wp\/v2\/pages\/33\"><input type=\"hidden\" name=\"url_referer\" value=\"\"><button type=\"submit\" name=\"wpforms[submit]\" id=\"wpforms-submit-828\" class=\"wpforms-submit\" data-alt-text=\"\u0160aljem...\" data-submit-text=\"Po\u0161alji\" aria-live=\"assertive\" value=\"wpforms-submit\">Po\u0161alji<\/button><img loading=\"lazy\" decoding=\"async\" src=\"https:\/\/matematika.otroci.org\/wp-content\/plugins\/wpforms-lite\/assets\/images\/submit-spin.svg\" class=\"wpforms-submit-spinner\" style=\"display: none;\" width=\"26\" height=\"26\" alt=\"Loading\"><\/div><\/form><\/div>  <!-- .wpforms-container -->","protected":false},"excerpt":{"rendered":"<p>Hvala vam na va\u0161em interesu! Ako imate bilo kakva pitanja, komentare ili trebate dodatne informacije, molimo kontaktirajte nas na e<\/p>\n","protected":false},"author":1,"featured_media":0,"parent":0,"menu_order":0,"comment_status":"closed","ping_status":"closed","template":"page-templates\/contact.php","meta":{"footnotes":""},"class_list":["post-33","page","type-page","status-publish","hentry"],"aioseo_notices":[],"jetpack_sharing_enabled":true,"_links":{"self":[{"href":"https:\/\/matematika.otroci.org\/index.php\/wp-json\/wp\/v2\/pages\/33","targetHints":{"allow":["GET"]}}],"collection":[{"href":"https:\/\/matematika.otroci.org\/index.php\/wp-json\/wp\/v2\/pages"}],"about":[{"href":"https:\/\/matematika.otroci.org\/index.php\/wp-json\/wp\/v2\/types\/page"}],"author":[{"embeddable":true,"href":"https:\/\/matematika.otroci.org\/index.php\/wp-json\/wp\/v2\/users\/1"}],"replies":[{"embeddable":true,"href":"https:\/\/matematika.otroci.org\/index.php\/wp-json\/wp\/v2\/comments?post=33"}],"version-history":[{"count":7,"href":"https:\/\/matematika.otroci.org\/index.php\/wp-json\/wp\/v2\/pages\/33\/revisions"}],"predecessor-version":[{"id":3961,"href":"https:\/\/matematika.otroci.org\/index.php\/wp-json\/wp\/v2\/pages\/33\/revisions\/3961"}],"wp:attachment":[{"href":"https:\/\/matematika.otroci.org\/index.php\/wp-json\/wp\/v2\/media?parent=33"}],"curies":[{"name":"wp","href":"https:\/\/api.w.org\/{rel}","templated":true}]}}