{"id":405,"date":"2023-05-19T21:53:55","date_gmt":"2023-05-19T19:53:55","guid":{"rendered":"https:\/\/matematika.otroci.org\/index.php\/domaca-stran\/"},"modified":"2023-05-19T21:53:58","modified_gmt":"2023-05-19T19:53:58","slug":"domaca-stran","status":"publish","type":"page","link":"https:\/\/matematika.otroci.org\/","title":{"rendered":"Doma\u010da stran"},"content":{"rendered":"\n\t\t\t<div class=\"wp-block-cover\" style=\"background-image:url(https:\/\/matematika.otroci.org\/wp-content\/uploads\/2023\/05\/other-small.jpg)\"><div class=\"wp-block-cover__inner-container is-layout-flow wp-block-cover-is-layout-flow\">\n\t\t\t<p class=\"has-text-align-center has-large-font-size\">Dobrodo\u0161li v trgovini<\/p>\n\t\t\t\n\n\t\t\t\n\t\t\t<p class=\"has-text-color has-text-align-center\">Sem vpi\u0161ite kratko sporo\u010dilo dobrodo\u0161lice<\/p>\n\t\t\t\n\n\t\t\t\n\t\t\t<div class=\"wp-block-buttons is-content-justification-center is-layout-flex wp-container-core-buttons-is-layout-16018d1d wp-block-buttons-is-layout-flex\">\n\t\t\t<div class=\"wp-block-button\"><a class=\"wp-block-button__link\" href=\"https:\/\/matematika.otroci.org\/index.php\/trgovina\/\">Nakupujte<\/a><\/div>\n\t\t\t<\/div>\n\t\t\t<\/div><\/div>\n\t\t\t\n\t\t\n\t\t<h2 class=\"wp-block-heading\" style=\"text-align:center\">Novi izdelki<\/h2>\n\t\t\n\n\t\t \n\t\t\t<div class=\"wp-block-media-text alignwide has-media-on-the-right\"\"><figure class=\"wp-block-media-text__media\"><img loading=\"lazy\" decoding=\"async\" width=\"1920\" height=\"1280\" src=\"https:\/\/matematika.otroci.org\/wp-content\/uploads\/2023\/05\/other-small.jpg\" alt=\"\" class=\"wp-image-406\" srcset=\"https:\/\/matematika.otroci.org\/wp-content\/uploads\/2023\/05\/other-small.jpg 1920w, https:\/\/matematika.otroci.org\/wp-content\/uploads\/2023\/05\/other-small-600x400.jpg 600w, https:\/\/matematika.otroci.org\/wp-content\/uploads\/2023\/05\/other-small-300x200.jpg 300w, https:\/\/matematika.otroci.org\/wp-content\/uploads\/2023\/05\/other-small-1024x683.jpg 1024w, https:\/\/matematika.otroci.org\/wp-content\/uploads\/2023\/05\/other-small-768x512.jpg 768w, https:\/\/matematika.otroci.org\/wp-content\/uploads\/2023\/05\/other-small-1536x1024.jpg 1536w\" sizes=\"auto, (max-width: 1920px) 100vw, 1920px\" \/><\/figure><div class=\"wp-block-media-text__content\">\n\t\t\t<p class=\"has-large-font-size\"><\/p>\n\t\t\t<\/div><\/div>\n\t\t\t\n\t\t\t<div class=\"wp-block-media-text alignwide\"\"><figure class=\"wp-block-media-text__media\"><img loading=\"lazy\" decoding=\"async\" width=\"1920\" height=\"1280\" src=\"https:\/\/matematika.otroci.org\/wp-content\/uploads\/2023\/05\/other-small.jpg\" alt=\"\" class=\"wp-image-406\" srcset=\"https:\/\/matematika.otroci.org\/wp-content\/uploads\/2023\/05\/other-small.jpg 1920w, https:\/\/matematika.otroci.org\/wp-content\/uploads\/2023\/05\/other-small-600x400.jpg 600w, https:\/\/matematika.otroci.org\/wp-content\/uploads\/2023\/05\/other-small-300x200.jpg 300w, https:\/\/matematika.otroci.org\/wp-content\/uploads\/2023\/05\/other-small-1024x683.jpg 1024w, https:\/\/matematika.otroci.org\/wp-content\/uploads\/2023\/05\/other-small-768x512.jpg 768w, https:\/\/matematika.otroci.org\/wp-content\/uploads\/2023\/05\/other-small-1536x1024.jpg 1536w\" sizes=\"auto, (max-width: 1920px) 100vw, 1920px\" \/><\/figure><div class=\"wp-block-media-text__content\">\n\t\t\t<p class=\"has-large-font-size\"><\/p>\n\t\t\t<\/div><\/div>\n\t\t\t\n\t\t\t<div class=\"wp-block-media-text alignwide has-media-on-the-right\"\"><figure class=\"wp-block-media-text__media\"><img loading=\"lazy\" decoding=\"async\" width=\"1920\" height=\"1280\" src=\"https:\/\/matematika.otroci.org\/wp-content\/uploads\/2023\/05\/other-small.jpg\" alt=\"\" class=\"wp-image-406\" srcset=\"https:\/\/matematika.otroci.org\/wp-content\/uploads\/2023\/05\/other-small.jpg 1920w, https:\/\/matematika.otroci.org\/wp-content\/uploads\/2023\/05\/other-small-600x400.jpg 600w, https:\/\/matematika.otroci.org\/wp-content\/uploads\/2023\/05\/other-small-300x200.jpg 300w, https:\/\/matematika.otroci.org\/wp-content\/uploads\/2023\/05\/other-small-1024x683.jpg 1024w, https:\/\/matematika.otroci.org\/wp-content\/uploads\/2023\/05\/other-small-768x512.jpg 768w, https:\/\/matematika.otroci.org\/wp-content\/uploads\/2023\/05\/other-small-1536x1024.jpg 1536w\" sizes=\"auto, (max-width: 1920px) 100vw, 1920px\" \/><\/figure><div class=\"wp-block-media-text__content\">\n\t\t\t<p class=\"has-large-font-size\"><\/p>\n\t\t\t<\/div><\/div>\n\t\t\t\n\n\t\t","protected":false},"excerpt":{"rendered":"<p>Novi izdelki<\/p>\n","protected":false},"author":1,"featured_media":0,"parent":0,"menu_order":0,"comment_status":"closed","ping_status":"closed","template":"","meta":{"footnotes":""},"class_list":["post-405","page","type-page","status-publish","hentry"],"aioseo_notices":[],"jetpack_sharing_enabled":true,"_links":{"self":[{"href":"https:\/\/matematika.otroci.org\/index.php\/wp-json\/wp\/v2\/pages\/405","targetHints":{"allow":["GET"]}}],"collection":[{"href":"https:\/\/matematika.otroci.org\/index.php\/wp-json\/wp\/v2\/pages"}],"about":[{"href":"https:\/\/matematika.otroci.org\/index.php\/wp-json\/wp\/v2\/types\/page"}],"author":[{"embeddable":true,"href":"https:\/\/matematika.otroci.org\/index.php\/wp-json\/wp\/v2\/users\/1"}],"replies":[{"embeddable":true,"href":"https:\/\/matematika.otroci.org\/index.php\/wp-json\/wp\/v2\/comments?post=405"}],"version-history":[{"count":1,"href":"https:\/\/matematika.otroci.org\/index.php\/wp-json\/wp\/v2\/pages\/405\/revisions"}],"predecessor-version":[{"id":407,"href":"https:\/\/matematika.otroci.org\/index.php\/wp-json\/wp\/v2\/pages\/405\/revisions\/407"}],"wp:attachment":[{"href":"https:\/\/matematika.otroci.org\/index.php\/wp-json\/wp\/v2\/media?parent=405"}],"curies":[{"name":"wp","href":"https:\/\/api.w.org\/{rel}","templated":true}]}}