{"id":60,"date":"2023-05-13T09:11:43","date_gmt":"2023-05-13T08:11:43","guid":{"rendered":"https:\/\/matematika.otroci.org\/?page_id=60"},"modified":"2023-06-10T21:30:29","modified_gmt":"2023-06-10T19:30:29","slug":"1-razred","status":"publish","type":"page","link":"https:\/\/matematika.otroci.org\/index.php\/1-razred\/","title":{"rendered":"1. Razred"},"content":{"rendered":"\n<p class=\"has-white-color has-text-color\">.<\/p>\n\n\n\n<p>Dobrodo\u0161li u svijet matematike! Matematika je zanimljiva i va\u017ena tema koju \u0107emo istra\u017eivati zajedno tijekom cijele \u0161kolske godine. U prvom razredu osnovne \u0161kole, matematika \u0107e nam pomo\u0107i da razvijemo osnovne matemati\u010dke vje\u0161tine i koncepte koji \u0107e nam biti temelj za daljnje u\u010denje.<\/p>\n\n\n\n<p>U ovoj godini, usredoto\u010dit \u0107emo se na brojeve, ra\u010dunanje i osnovne matemati\u010dke operacije poput zbrajanja i oduzimanja. Nau\u010dit \u0107emo kako prepoznati i pisati brojeve, kako brojati, te kako ih uspore\u0111ivati i sortirati. Tako\u0111er \u0107emo se upoznati s osnovnim geometrijskim oblicima i uzorcima.<\/p>\n\n\n\n<p>Matematika je vi\u0161e od samog ra\u010dunanja. Poticat \u0107emo va\u0161u kreativnost i razmi\u0161ljanje kroz rje\u0161avanje matemati\u010dkih problema i igara. Kroz ove aktivnosti razvijat \u0107emo va\u0161u logiku, analiti\u010dke vje\u0161tine i sposobnost dono\u0161enja zaklju\u010daka.<\/p>\n\n\n\n<p>Va\u017eno je da budete aktivni sudionici u nastavi matematike. Postavljajte pitanja, sudjelujte u razgovorima i koristite matemati\u010dke alate poput brojevnih linija, blokova i razli\u010ditih igra\u010daka kako biste bolje razumjeli matemati\u010dke koncepte.<\/p>\n\n\n\n<p>Matematika je svuda oko nas i korisna je u svakodnevnom \u017eivotu. Kroz u\u010denje matematike, razvijat \u0107ete vje\u0161tine koje \u0107e vam pomo\u0107i u rje\u0161avanju problema, dono\u0161enju informiranih odluka i razumijevanju svijeta oko sebe.<\/p>\n\n\n\n<p>Spremni ste zapo\u010deti svoje matemati\u010dko putovanje? Uzmite olovku, otvorite um i krenimo istra\u017eivati \u010darobni svijet brojeva i oblika!<\/p>\n\n\n\n<h6 class=\"wp-block-heading\">&#8212;&#8212;&#8212;&#8212;&#8212;&#8212;&#8212;&#8212;&#8212;&#8212;&#8212;&#8212;&#8212;&#8212;&#8212;&#8212;&#8212;&#8212;&#8212;&#8212;&#8212;&#8212;&#8212;&#8212;&#8212;&#8212;&#8212;&#8212;&#8212;&#8212;&#8212;&#8212;&#8212;&#8212;&#8212;&#8212;&#8212;&#8212;&#8212;&#8212;&#8212;&#8212;&#8212;&#8212;<\/h6>\n\n\n\n<h1 class=\"wp-block-heading\">Aritmetika<\/h1>\n\n\n\n<div class=\"wp-block-columns is-layout-flex wp-container-core-columns-is-layout-9d6595d7 wp-block-columns-is-layout-flex\">\n<div class=\"wp-block-column is-layout-flow wp-block-column-is-layout-flow\">\n<figure class=\"wp-block-image size-large\"><a href=\"https:\/\/matematika.otroci.org\/index.php\/2023\/05\/15\/1-razred-aritmetika\/\"><img decoding=\"async\" src=\"https:\/\/matematika.otroci.org\/wp-content\/uploads\/2023\/05\/Aritmetika_06-724x1024.png\" alt=\"\" class=\"wp-image-413\"\/><\/a><\/figure>\n<\/div>\n\n\n\n<div class=\"wp-block-column is-layout-flow wp-block-column-is-layout-flow\">\n<figure class=\"wp-block-image size-large\"><a href=\"https:\/\/matematika.otroci.org\/index.php\/2023\/05\/15\/1-razred-aritmetika\/\"><img decoding=\"async\" src=\"https:\/\/matematika.otroci.org\/wp-content\/uploads\/2023\/05\/Aritmetika_02-724x1024.png\" alt=\"\" class=\"wp-image-409\"\/><\/a><\/figure>\n<\/div>\n<\/div>\n\n\n\n<h6 class=\"wp-block-heading\">&#8212;&#8212;&#8212;&#8212;&#8212;&#8212;&#8212;&#8212;&#8212;&#8212;&#8212;&#8212;&#8212;&#8212;&#8212;&#8212;&#8212;&#8212;&#8212;&#8212;&#8212;&#8212;&#8212;&#8212;&#8212;&#8212;&#8212;&#8212;&#8212;&#8212;&#8212;&#8212;&#8212;&#8212;&#8212;&#8212;&#8212;&#8212;&#8212;&#8212;&#8212;&#8212;&#8212;&#8212;<\/h6>\n\n\n\n<h1 class=\"wp-block-heading\">Geometrija<\/h1>\n\n\n\n<div class=\"wp-block-columns is-layout-flex wp-container-core-columns-is-layout-9d6595d7 wp-block-columns-is-layout-flex\">\n<div class=\"wp-block-column is-layout-flow wp-block-column-is-layout-flow\">\n<figure class=\"wp-block-image size-large\"><a href=\"https:\/\/matematika.otroci.org\/index.php\/2023\/05\/16\/1-razred-geometrija\/\"><img decoding=\"async\" src=\"https:\/\/matematika.otroci.org\/wp-content\/uploads\/2023\/05\/Geometrija_03-724x1024.png\" alt=\"\" class=\"wp-image-432\"\/><\/a><\/figure>\n<\/div>\n\n\n\n<div class=\"wp-block-column is-layout-flow wp-block-column-is-layout-flow\">\n<figure class=\"wp-block-image size-large\"><a href=\"https:\/\/matematika.otroci.org\/index.php\/2023\/05\/16\/1-razred-geometrija\/\"><img decoding=\"async\" src=\"https:\/\/matematika.otroci.org\/wp-content\/uploads\/2023\/05\/Geometrija_02-724x1024.png\" alt=\"\" class=\"wp-image-431\"\/><\/a><\/figure>\n<\/div>\n<\/div>\n\n\n\n<h6 class=\"wp-block-heading\">&#8212;&#8212;&#8212;&#8212;&#8212;&#8212;&#8212;&#8212;&#8212;&#8212;&#8212;&#8212;&#8212;&#8212;&#8212;&#8212;&#8212;&#8212;&#8212;&#8212;&#8212;&#8212;&#8212;&#8212;&#8212;&#8212;&#8212;&#8212;&#8212;&#8212;&#8212;&#8212;&#8212;&#8212;&#8212;&#8212;&#8212;&#8212;&#8212;&#8212;&#8212;&#8212;&#8212;&#8212;<\/h6>\n\n\n\n<h1 class=\"wp-block-heading\">Zbrajanje do 10<\/h1>\n\n\n\n<div class=\"wp-block-columns is-layout-flex wp-container-core-columns-is-layout-9d6595d7 wp-block-columns-is-layout-flex\">\n<div class=\"wp-block-column is-layout-flow wp-block-column-is-layout-flow\">\n<figure class=\"wp-block-image size-large\"><a href=\"https:\/\/matematika.otroci.org\/index.php\/2023\/05\/16\/1-razred-zbrajanje-do-10\/\"><img loading=\"lazy\" decoding=\"async\" width=\"724\" height=\"1024\" src=\"https:\/\/matematika.otroci.org\/wp-content\/uploads\/2023\/05\/Zbrajanje_do_10_01-724x1024.png\" alt=\"\" class=\"wp-image-520\" srcset=\"https:\/\/matematika.otroci.org\/wp-content\/uploads\/2023\/05\/Zbrajanje_do_10_01-724x1024.png 724w, https:\/\/matematika.otroci.org\/wp-content\/uploads\/2023\/05\/Zbrajanje_do_10_01-600x849.png 600w, https:\/\/matematika.otroci.org\/wp-content\/uploads\/2023\/05\/Zbrajanje_do_10_01-212x300.png 212w, https:\/\/matematika.otroci.org\/wp-content\/uploads\/2023\/05\/Zbrajanje_do_10_01-768x1086.png 768w, https:\/\/matematika.otroci.org\/wp-content\/uploads\/2023\/05\/Zbrajanje_do_10_01-1086x1536.png 1086w, https:\/\/matematika.otroci.org\/wp-content\/uploads\/2023\/05\/Zbrajanje_do_10_01.png 1240w\" sizes=\"auto, (max-width: 724px) 100vw, 724px\" \/><\/a><\/figure>\n<\/div>\n\n\n\n<div class=\"wp-block-column is-layout-flow wp-block-column-is-layout-flow\">\n<figure class=\"wp-block-image size-large\"><a href=\"https:\/\/matematika.otroci.org\/index.php\/2023\/05\/16\/1-razred-zbrajanje-do-10\/\"><img decoding=\"async\" src=\"https:\/\/matematika.otroci.org\/wp-content\/uploads\/2023\/05\/Zbrajanje_do_10_02-724x1024.png\" alt=\"\" class=\"wp-image-521\"\/><\/a><\/figure>\n<\/div>\n<\/div>\n\n\n\n<h6 class=\"wp-block-heading\">&#8212;&#8212;&#8212;&#8212;&#8212;&#8212;&#8212;&#8212;&#8212;&#8212;&#8212;&#8212;&#8212;&#8212;&#8212;&#8212;&#8212;&#8212;&#8212;&#8212;&#8212;&#8212;&#8212;&#8212;&#8212;&#8212;&#8212;&#8212;&#8212;&#8212;&#8212;&#8212;&#8212;&#8212;&#8212;&#8212;&#8212;&#8212;&#8212;&#8212;&#8212;&#8212;&#8212;&#8212;<\/h6>\n\n\n\n<h1 class=\"wp-block-heading\">Oduzimanje do 10<\/h1>\n\n\n\n<div class=\"wp-block-columns is-layout-flex wp-container-core-columns-is-layout-9d6595d7 wp-block-columns-is-layout-flex\">\n<div class=\"wp-block-column is-layout-flow wp-block-column-is-layout-flow\">\n<figure class=\"wp-block-image size-large\"><a href=\"https:\/\/matematika.otroci.org\/index.php\/2023\/05\/16\/1-razred-odbrojavanje-do-10\/\"><img loading=\"lazy\" decoding=\"async\" width=\"724\" height=\"1024\" src=\"https:\/\/matematika.otroci.org\/wp-content\/uploads\/2023\/05\/Oduzimanje_do_10_01-724x1024.png\" alt=\"\" class=\"wp-image-466\" srcset=\"https:\/\/matematika.otroci.org\/wp-content\/uploads\/2023\/05\/Oduzimanje_do_10_01-724x1024.png 724w, https:\/\/matematika.otroci.org\/wp-content\/uploads\/2023\/05\/Oduzimanje_do_10_01-600x849.png 600w, https:\/\/matematika.otroci.org\/wp-content\/uploads\/2023\/05\/Oduzimanje_do_10_01-212x300.png 212w, https:\/\/matematika.otroci.org\/wp-content\/uploads\/2023\/05\/Oduzimanje_do_10_01-768x1086.png 768w, https:\/\/matematika.otroci.org\/wp-content\/uploads\/2023\/05\/Oduzimanje_do_10_01-1086x1536.png 1086w, https:\/\/matematika.otroci.org\/wp-content\/uploads\/2023\/05\/Oduzimanje_do_10_01.png 1240w\" sizes=\"auto, (max-width: 724px) 100vw, 724px\" \/><\/a><\/figure>\n<\/div>\n\n\n\n<div class=\"wp-block-column is-layout-flow wp-block-column-is-layout-flow\">\n<figure class=\"wp-block-image size-large\"><a href=\"https:\/\/matematika.otroci.org\/index.php\/2023\/05\/16\/1-razred-odbrojavanje-do-10\/\"><img loading=\"lazy\" decoding=\"async\" width=\"724\" height=\"1024\" src=\"https:\/\/matematika.otroci.org\/wp-content\/uploads\/2023\/05\/Oduzimanje_do_10_02-724x1024.png\" alt=\"\" class=\"wp-image-467\" srcset=\"https:\/\/matematika.otroci.org\/wp-content\/uploads\/2023\/05\/Oduzimanje_do_10_02-724x1024.png 724w, https:\/\/matematika.otroci.org\/wp-content\/uploads\/2023\/05\/Oduzimanje_do_10_02-600x849.png 600w, https:\/\/matematika.otroci.org\/wp-content\/uploads\/2023\/05\/Oduzimanje_do_10_02-212x300.png 212w, https:\/\/matematika.otroci.org\/wp-content\/uploads\/2023\/05\/Oduzimanje_do_10_02-768x1086.png 768w, https:\/\/matematika.otroci.org\/wp-content\/uploads\/2023\/05\/Oduzimanje_do_10_02-1086x1536.png 1086w, https:\/\/matematika.otroci.org\/wp-content\/uploads\/2023\/05\/Oduzimanje_do_10_02.png 1240w\" sizes=\"auto, (max-width: 724px) 100vw, 724px\" \/><\/a><\/figure>\n<\/div>\n<\/div>\n\n\n\n<h6 class=\"wp-block-heading\">&#8212;&#8212;&#8212;&#8212;&#8212;&#8212;&#8212;&#8212;&#8212;&#8212;&#8212;&#8212;&#8212;&#8212;&#8212;&#8212;&#8212;&#8212;&#8212;&#8212;&#8212;&#8212;&#8212;&#8212;&#8212;&#8212;&#8212;&#8212;&#8212;&#8212;&#8212;&#8212;&#8212;&#8212;&#8212;&#8212;&#8212;&#8212;&#8212;&#8212;&#8212;&#8212;&#8212;&#8212;<\/h6>\n\n\n\n<h1 class=\"wp-block-heading\">Zbrajanje i oduzimanje do 10<\/h1>\n\n\n\n<div class=\"wp-block-columns is-layout-flex wp-container-core-columns-is-layout-9d6595d7 wp-block-columns-is-layout-flex\">\n<div class=\"wp-block-column is-layout-flow wp-block-column-is-layout-flow\">\n<figure class=\"wp-block-image size-large\"><a href=\"https:\/\/matematika.otroci.org\/index.php\/2023\/05\/16\/1-razred-zbrajanje-i-odbrojavanje-do-10\/\"><img decoding=\"async\" src=\"https:\/\/matematika.otroci.org\/wp-content\/uploads\/2023\/05\/Zbrajanje_oduzimanje_do_10_01-724x1024.png\" alt=\"\" class=\"wp-image-538\"\/><\/a><\/figure>\n<\/div>\n\n\n\n<div class=\"wp-block-column is-layout-flow wp-block-column-is-layout-flow\">\n<figure class=\"wp-block-image size-large is-resized\"><a href=\"https:\/\/matematika.otroci.org\/index.php\/2023\/05\/16\/1-razred-zbrajanje-i-odbrojavanje-do-10\/\"><img loading=\"lazy\" decoding=\"async\" src=\"https:\/\/matematika.otroci.org\/wp-content\/uploads\/2023\/05\/Zbrajanje_oduzimanje_do_10_03-724x1024.png\" alt=\"\" class=\"wp-image-540\" width=\"552\" height=\"780\" srcset=\"https:\/\/matematika.otroci.org\/wp-content\/uploads\/2023\/05\/Zbrajanje_oduzimanje_do_10_03-724x1024.png 724w, https:\/\/matematika.otroci.org\/wp-content\/uploads\/2023\/05\/Zbrajanje_oduzimanje_do_10_03-600x849.png 600w, https:\/\/matematika.otroci.org\/wp-content\/uploads\/2023\/05\/Zbrajanje_oduzimanje_do_10_03-212x300.png 212w, https:\/\/matematika.otroci.org\/wp-content\/uploads\/2023\/05\/Zbrajanje_oduzimanje_do_10_03-768x1086.png 768w, https:\/\/matematika.otroci.org\/wp-content\/uploads\/2023\/05\/Zbrajanje_oduzimanje_do_10_03-1086x1536.png 1086w, https:\/\/matematika.otroci.org\/wp-content\/uploads\/2023\/05\/Zbrajanje_oduzimanje_do_10_03.png 1240w\" sizes=\"auto, (max-width: 552px) 100vw, 552px\" \/><\/a><\/figure>\n<\/div>\n<\/div>\n\n\n\n<h6 class=\"wp-block-heading\">&#8212;&#8212;&#8212;&#8212;&#8212;&#8212;&#8212;&#8212;&#8212;&#8212;&#8212;&#8212;&#8212;&#8212;&#8212;&#8212;&#8212;&#8212;&#8212;&#8212;&#8212;&#8212;&#8212;&#8212;&#8212;&#8212;&#8212;&#8212;&#8212;&#8212;&#8212;&#8212;&#8212;&#8212;&#8212;&#8212;&#8212;&#8212;&#8212;&#8212;&#8212;&#8212;&#8212;&#8212;<\/h6>\n\n\n\n<h1 class=\"wp-block-heading\">Brojevi do 10<\/h1>\n\n\n\n<div class=\"wp-block-columns is-layout-flex wp-container-core-columns-is-layout-9d6595d7 wp-block-columns-is-layout-flex\">\n<div class=\"wp-block-column is-layout-flow wp-block-column-is-layout-flow\">\n<figure class=\"wp-block-image size-full\"><a href=\"https:\/\/matematika.otroci.org\/index.php\/2023\/05\/16\/1-razred-kartice-s-brojevima\/\"><img loading=\"lazy\" decoding=\"async\" width=\"1240\" height=\"1754\" src=\"https:\/\/matematika.otroci.org\/wp-content\/uploads\/2023\/05\/Broj_06.png\" alt=\"\" class=\"wp-image-425\" srcset=\"https:\/\/matematika.otroci.org\/wp-content\/uploads\/2023\/05\/Broj_06.png 1240w, https:\/\/matematika.otroci.org\/wp-content\/uploads\/2023\/05\/Broj_06-600x849.png 600w\" sizes=\"auto, (max-width: 1240px) 100vw, 1240px\" \/><\/a><\/figure>\n<\/div>\n\n\n\n<div class=\"wp-block-column is-layout-flow wp-block-column-is-layout-flow\">\n<figure class=\"wp-block-image size-large\"><a href=\"https:\/\/matematika.otroci.org\/index.php\/2023\/05\/16\/1-razred-kartice-s-brojevima\/\"><img decoding=\"async\" src=\"https:\/\/matematika.otroci.org\/wp-content\/uploads\/2023\/05\/Broj_02-724x1024.png\" alt=\"\" class=\"wp-image-421\"\/><\/a><\/figure>\n<\/div>\n<\/div>\n\n\n\n<h6 class=\"wp-block-heading\">&#8212;&#8212;&#8212;&#8212;&#8212;&#8212;&#8212;&#8212;&#8212;&#8212;&#8212;&#8212;&#8212;&#8212;&#8212;&#8212;&#8212;&#8212;&#8212;&#8212;&#8212;&#8212;&#8212;&#8212;&#8212;&#8212;&#8212;&#8212;&#8212;&#8212;&#8212;&#8212;&#8212;&#8212;&#8212;&#8212;&#8212;&#8212;&#8212;&#8212;&#8212;&#8212;&#8212;&#8212;<\/h6>\n\n\n\n<h1 class=\"wp-block-heading\">Manje ve\u0107e jednako<\/h1>\n\n\n\n<div class=\"wp-block-columns is-layout-flex wp-container-core-columns-is-layout-9d6595d7 wp-block-columns-is-layout-flex\">\n<div class=\"wp-block-column is-layout-flow wp-block-column-is-layout-flow\">\n<figure class=\"wp-block-image size-large\"><a href=\"https:\/\/matematika.otroci.org\/index.php\/2023\/05\/26\/1-r-manje-vece-jednako\/\"><img decoding=\"async\" src=\"https:\/\/matematika.otroci.org\/wp-content\/uploads\/2023\/05\/Manje_vece_jednako_01-724x1024.png\" alt=\"\" class=\"wp-image-442\"\/><\/a><\/figure>\n<\/div>\n\n\n\n<div class=\"wp-block-column is-layout-flow wp-block-column-is-layout-flow\">\n<figure class=\"wp-block-image size-large\"><a href=\"https:\/\/matematika.otroci.org\/index.php\/2023\/05\/26\/1-r-manje-vece-jednako\/\"><img decoding=\"async\" src=\"https:\/\/matematika.otroci.org\/wp-content\/uploads\/2023\/05\/Manje_vece_jednako_02-724x1024.png\" alt=\"\" class=\"wp-image-443\"\/><\/a><\/figure>\n<\/div>\n<\/div>\n\n\n\n<h6 class=\"wp-block-heading\">&#8212;&#8212;&#8212;&#8212;&#8212;&#8212;&#8212;&#8212;&#8212;&#8212;&#8212;&#8212;&#8212;&#8212;&#8212;&#8212;&#8212;&#8212;&#8212;&#8212;&#8212;&#8212;&#8212;&#8212;&#8212;&#8212;&#8212;&#8212;&#8212;&#8212;&#8212;&#8212;&#8212;&#8212;&#8212;&#8212;&#8212;&#8212;&#8212;&#8212;&#8212;&#8212;&#8212;&#8212;<\/h6>\n\n\n\n<h1 class=\"wp-block-heading\"><strong>Nedostaju\u0107i brojevi<\/strong><\/h1>\n\n\n\n<div class=\"wp-block-columns is-layout-flex wp-container-core-columns-is-layout-9d6595d7 wp-block-columns-is-layout-flex\">\n<div class=\"wp-block-column is-layout-flow wp-block-column-is-layout-flow\">\n<figure class=\"wp-block-image size-large\"><a href=\"https:\/\/matematika.otroci.org\/index.php\/2023\/05\/26\/1-r-nedostajuci-brojevi\/\"><img decoding=\"async\" src=\"https:\/\/matematika.otroci.org\/wp-content\/uploads\/2023\/05\/Nedostajuci_brojevi_01-724x1024.png\" alt=\"\" class=\"wp-image-454\"\/><\/a><\/figure>\n<\/div>\n\n\n\n<div class=\"wp-block-column is-layout-flow wp-block-column-is-layout-flow\">\n<figure class=\"wp-block-image size-large is-resized\"><a href=\"https:\/\/matematika.otroci.org\/index.php\/2023\/05\/26\/1-r-nedostajuci-brojevi\/\"><img loading=\"lazy\" decoding=\"async\" src=\"https:\/\/matematika.otroci.org\/wp-content\/uploads\/2023\/05\/Nedostajuci_brojevi_02-724x1024.png\" alt=\"\" class=\"wp-image-455\" width=\"552\" height=\"780\"\/><\/a><\/figure>\n<\/div>\n<\/div>\n\n\n\n<h6 class=\"wp-block-heading\">&#8212;&#8212;&#8212;&#8212;&#8212;&#8212;&#8212;&#8212;&#8212;&#8212;&#8212;&#8212;&#8212;&#8212;&#8212;&#8212;&#8212;&#8212;&#8212;&#8212;&#8212;&#8212;&#8212;&#8212;&#8212;&#8212;&#8212;&#8212;&#8212;&#8212;&#8212;&#8212;&#8212;&#8212;&#8212;&#8212;&#8212;&#8212;&#8212;&#8212;&#8212;&#8212;&#8212;&#8212;<\/h6>\n\n\n\n<h1 class=\"wp-block-heading\">Prije, poslije, izme\u0111u<\/h1>\n\n\n\n<div class=\"wp-block-columns is-layout-flex wp-container-core-columns-is-layout-9d6595d7 wp-block-columns-is-layout-flex\">\n<div class=\"wp-block-column is-layout-flow wp-block-column-is-layout-flow\">\n<figure class=\"wp-block-image size-large\"><a href=\"https:\/\/matematika.otroci.org\/index.php\/2023\/05\/26\/1-r-prije-poslije-izmedu\/\"><img loading=\"lazy\" decoding=\"async\" width=\"724\" height=\"1024\" src=\"https:\/\/matematika.otroci.org\/wp-content\/uploads\/2023\/05\/Prije_za_izmedu_01-724x1024.png\" alt=\"\" class=\"wp-image-484\" srcset=\"https:\/\/matematika.otroci.org\/wp-content\/uploads\/2023\/05\/Prije_za_izmedu_01-724x1024.png 724w, https:\/\/matematika.otroci.org\/wp-content\/uploads\/2023\/05\/Prije_za_izmedu_01-600x849.png 600w, https:\/\/matematika.otroci.org\/wp-content\/uploads\/2023\/05\/Prije_za_izmedu_01-212x300.png 212w, https:\/\/matematika.otroci.org\/wp-content\/uploads\/2023\/05\/Prije_za_izmedu_01-768x1086.png 768w, https:\/\/matematika.otroci.org\/wp-content\/uploads\/2023\/05\/Prije_za_izmedu_01-1086x1536.png 1086w, https:\/\/matematika.otroci.org\/wp-content\/uploads\/2023\/05\/Prije_za_izmedu_01.png 1240w\" sizes=\"auto, (max-width: 724px) 100vw, 724px\" \/><\/a><\/figure>\n<\/div>\n\n\n\n<div class=\"wp-block-column is-layout-flow wp-block-column-is-layout-flow\">\n<figure class=\"wp-block-image size-large\"><a href=\"https:\/\/matematika.otroci.org\/index.php\/2023\/05\/26\/1-r-prije-poslije-izmedu\/\"><img decoding=\"async\" src=\"https:\/\/matematika.otroci.org\/wp-content\/uploads\/2023\/05\/Prije_za_izmedu_02-724x1024.png\" alt=\"\" class=\"wp-image-485\"\/><\/a><\/figure>\n<\/div>\n<\/div>\n\n\n\n<h6 class=\"wp-block-heading\">&#8212;&#8212;&#8212;&#8212;&#8212;&#8212;&#8212;&#8212;&#8212;&#8212;&#8212;&#8212;&#8212;&#8212;&#8212;&#8212;&#8212;&#8212;&#8212;&#8212;&#8212;&#8212;&#8212;&#8212;&#8212;&#8212;&#8212;&#8212;&#8212;&#8212;&#8212;&#8212;&#8212;&#8212;&#8212;&#8212;&#8212;&#8212;&#8212;&#8212;&#8212;&#8212;&#8212;&#8212;<\/h6>\n\n\n\n<h1 class=\"wp-block-heading\">Ra\u010dunanje na koliko<\/h1>\n\n\n\n<div class=\"wp-block-columns is-layout-flex wp-container-core-columns-is-layout-9d6595d7 wp-block-columns-is-layout-flex\">\n<div class=\"wp-block-column is-layout-flow wp-block-column-is-layout-flow\">\n<figure class=\"wp-block-image size-large\"><a href=\"https:\/\/matematika.otroci.org\/index.php\/2023\/05\/26\/1-r-racunanje-na-koliko\/\"><img decoding=\"async\" src=\"https:\/\/matematika.otroci.org\/wp-content\/uploads\/2023\/05\/Racunanje_na_koliko_01-724x1024.png\" alt=\"\" class=\"wp-image-508\"\/><\/a><\/figure>\n<\/div>\n\n\n\n<div class=\"wp-block-column is-layout-flow wp-block-column-is-layout-flow\">\n<figure class=\"wp-block-image size-large\"><a href=\"https:\/\/matematika.otroci.org\/index.php\/2023\/05\/26\/1-r-racunanje-na-koliko\/\"><img decoding=\"async\" src=\"https:\/\/matematika.otroci.org\/wp-content\/uploads\/2023\/05\/Racunanje_na_koliko_02-724x1024.png\" alt=\"\" class=\"wp-image-509\"\/><\/a><\/figure>\n<\/div>\n<\/div>\n\n\n\n<p class=\"has-text-align-left\">Ako \u017eelite osigurati bolji uspjeh svojoj djeci u osnovnoj \u0161koli, u na\u0161oj <a href=\"https:\/\/matematika.otroci.org\/index.php\/trgovina\/\">e-trgovini <\/a>nudimo veliki izbor dodatnih radnih listova za sve razrede osnovne \u0161kole po vrlo povoljnoj cijeni. <\/p>\n\n\n\n<p>Hvala vam na podr\u0161ci i interesu za na\u0161u spletnu stranicu. Veselimo se \u0161to \u0107emo vam pru\u017eiti vi\u0161e mogu\u0107nosti za u\u010denje i razvoj matemati\u010dkih vje\u0161tina.<\/p>\n\n\n\n<p>S ljubavlju prema matematici, Va\u0161a matematika.otroci.org<\/p>\n","protected":false},"excerpt":{"rendered":"<p>. Dobrodo\u0161li u svijet matematike! Matematika je zanimljiva i va\u017ena tema koju \u0107emo istra\u017eivati zajedno tijekom cijele \u0161kolske godine. U<\/p>\n","protected":false},"author":1,"featured_media":0,"parent":0,"menu_order":0,"comment_status":"closed","ping_status":"closed","template":"","meta":{"footnotes":""},"class_list":["post-60","page","type-page","status-publish","hentry"],"aioseo_notices":[],"jetpack_sharing_enabled":true,"_links":{"self":[{"href":"https:\/\/matematika.otroci.org\/index.php\/wp-json\/wp\/v2\/pages\/60","targetHints":{"allow":["GET"]}}],"collection":[{"href":"https:\/\/matematika.otroci.org\/index.php\/wp-json\/wp\/v2\/pages"}],"about":[{"href":"https:\/\/matematika.otroci.org\/index.php\/wp-json\/wp\/v2\/types\/page"}],"author":[{"embeddable":true,"href":"https:\/\/matematika.otroci.org\/index.php\/wp-json\/wp\/v2\/users\/1"}],"replies":[{"embeddable":true,"href":"https:\/\/matematika.otroci.org\/index.php\/wp-json\/wp\/v2\/comments?post=60"}],"version-history":[{"count":62,"href":"https:\/\/matematika.otroci.org\/index.php\/wp-json\/wp\/v2\/pages\/60\/revisions"}],"predecessor-version":[{"id":1393,"href":"https:\/\/matematika.otroci.org\/index.php\/wp-json\/wp\/v2\/pages\/60\/revisions\/1393"}],"wp:attachment":[{"href":"https:\/\/matematika.otroci.org\/index.php\/wp-json\/wp\/v2\/media?parent=60"}],"curies":[{"name":"wp","href":"https:\/\/api.w.org\/{rel}","templated":true}]}}