{"id":837,"date":"2023-05-28T17:49:13","date_gmt":"2023-05-28T15:49:13","guid":{"rendered":"https:\/\/matematika.otroci.org\/?page_id=837"},"modified":"2023-08-23T13:10:10","modified_gmt":"2023-08-23T11:10:10","slug":"kolacici-i-gdpr","status":"publish","type":"page","link":"https:\/\/matematika.otroci.org\/index.php\/kolacici-i-gdpr\/","title":{"rendered":"Kola\u010di\u0107i i GDPR"},"content":{"rendered":"\n<p>Po\u0161tovani posjetitelji,<\/p>\n\n\n\n<p>\u017delimo vas obavijestiti o va\u017enosti privatnosti i kori\u0161tenju kola\u010di\u0107a na na\u0161oj web stranici sukladno europskom zakonodavstvu, posebno Op\u0107oj uredbi o za\u0161titi podataka (GDPR).<\/p>\n\n\n\n<p>\u0160to su kola\u010di\u0107i?<br>Kola\u010di\u0107i su male tekstualne datoteke koje se pohranjuju na va\u0161e ra\u010dunalo ili mobilni ure\u0111aj kada posjetite web stranicu. Ti kola\u010di\u0107i omogu\u0107uju web stranici da zapamti va\u0161e radnje i preferencije (npr. prijava, jezik, veli\u010dina fonta) za odre\u0111eno razdoblje, tako da ih nije potrebno svaki put ponovno unositi kada se vratite na web stranicu ili pregledavate njene stranice.<\/p>\n\n\n\n<p>Koje vrste kola\u010di\u0107a koristimo?<br>Na na\u0161oj web stranici koristimo sljede\u0107e vrste kola\u010di\u0107a:<\/p>\n\n\n\n<p>Osnovni kola\u010di\u0107i: Ovi kola\u010di\u0107i su neophodni za pravilan rad web stranice i omogu\u0107uju vam navigaciju i kori\u0161tenje njenih funkcionalnosti. Bez ovih kola\u010di\u0107a, neke funkcije web stranice mo\u017eda ne\u0107e biti dostupne.<\/p>\n\n\n\n<p>Analiti\u010dki kola\u010di\u0107i: Ovi kola\u010di\u0107i prikupljaju informacije o na\u010dinu kori\u0161tenja web stranice, kao \u0161to su broj posjetitelja, izvor dolaska na web stranicu i najposje\u0107enije stranice. Ove informacije nam poma\u017eu u pobolj\u0161anju funkcionalnosti i sadr\u017eaja web stranice.<\/p>\n\n\n\n<p>Kola\u010di\u0107i za personalizaciju: Ovi kola\u010di\u0107i omogu\u0107uju web stranici da zapamti va\u0161e preferencije kako bi vam pru\u017eila prilago\u0111eno iskustvo pregledavanja. Na primjer, mo\u017eemo zapamtiti va\u0161 odabir jezika ili lokacije.<\/p>\n\n\n\n<p>Kako upravljati kola\u010di\u0107ima?<br>Ve\u0107ina web preglednika automatski prihva\u0107a kola\u010di\u0107e, ali uvijek imate mogu\u0107nost promjene postavki preglednika kako biste odbili ili blokirali kola\u010di\u0107e, ili primili obavijest prije nego \u0161to se kola\u010di\u0107i pohrane na va\u0161 ure\u0111aj. Molimo vas da pregledate postavke preglednika i prilagodite ih prema svojim \u017eeljama. Imajte na umu da blokiranje kola\u010di\u0107a mo\u017ee utjecati na funkcionalnost web stranice i ote\u017eati vam kori\u0161tenje njenih zna\u010dajki.<\/p>\n\n\n\n<!DOCTYPE html PUBLIC \"-\/\/W3C\/\/DTD HTML 4.01\/\/EN\" \"http:\/\/www.w3.org\/TR\/html4\/strict.dtd\">\n<html lang=\"sl\">\n<head>\n  <meta content=\"text\/html; charset=UTF-8\"\n http-equiv=\"content-type\">\n  <title><\/title>\n<\/head>\n<body>\n<table style=\"width: 831px; height: 1200px;\" border=\"1\">\n  <tbody>\n    <tr>\n      <td style=\"text-align: center; font-weight: bold;\"><small>Kola\u010di\u0107<\/small><\/td>\n      <td style=\"text-align: center; font-weight: bold;\"><small>Domena<\/small><\/td>\n      <td\n style=\"width: 578px; text-align: center; font-weight: bold;\"><small>Opis<\/small><\/td>\n      <td\n style=\"width: 159px; text-align: center; font-weight: bold;\"><small>Trajanje<\/small><\/td>\n      <td style=\"width: 48px; text-align: center; font-weight: bold;\"><small>Tip<\/small><\/td>\n    <\/tr>\n    <tr>\n      <td style=\"text-align: center;\"><small><\/small><\/td>\n      <td style=\"text-align: center;\"><small><\/small><\/td>\n      <td style=\"width: 578px; text-align: center;\"><small><\/small><\/td>\n      <td style=\"width: 159px; text-align: center;\"><small><\/small><\/td>\n      <td style=\"width: 48px; text-align: center;\"><small><\/small><\/td>\n    <\/tr>\n    <tr>\n      <td style=\"text-align: center;\"><small>PH_HPXY_CHECK<\/small><\/td>\n      <td style=\"text-align: center;\"><small>matematika.otroci.org<\/small><\/td>\n      <td style=\"width: 578px; text-align: center;\"><small>Ovaj\nkola\u010di\u0107 se koristi za spremanje the informacija oko&nbsp; Trenutno\nsjednica .<\/small><\/td>\n      <td style=\"width: 159px; text-align: center;\"><small>sjednica<\/small><\/td>\n      <td style=\"width: 48px; text-align: center;\"><small>Neophodno<\/small><\/td>\n    <\/tr>\n    <tr>\n      <td style=\"text-align: center;\"><small>_ga_*<\/small><\/td>\n      <td style=\"text-align: center;\"><small>.otroci.org<\/small><\/td>\n      <td style=\"width: 578px; text-align: center;\"><small>Google\nAnalytics postavlja ovaj kola\u010di\u0107 za pohranu i<br>\n&nbsp;ra\u010dunati stranica pogleda .<\/small><\/td>\n      <td style=\"width: 159px; text-align: center;\"><small>1\ngodina 1 mjesec 4 dana<\/small><\/td>\n      <td style=\"width: 48px; text-align: center;\"><small>Analitika<\/small><\/td>\n    <\/tr>\n    <tr>\n      <td style=\"text-align: center;\"><small>_ga<\/small><\/td>\n      <td style=\"text-align: center;\"><small>.otroci.org<\/small><\/td>\n      <td style=\"width: 578px; text-align: center;\"><small>Google\nAnalytics postavlja ovaj kola\u010di\u0107 za izra\u010dunavanje posjetitelj , sesija\ni podaci o kampanji i pratiti kori\u0161tenje stranice za the stranice\nanalitika izvje\u0161\u0107e . The kola\u010di\u0107 trgovine informacija anonimno i\nnasumi\u010dno dodjeljuje _ generiran broj za prepoznavanje jedinstvena\nposjetitelji .<\/small><\/td>\n      <td style=\"width: 159px; text-align: center;\"><small>1\ngodina 1 mjesec 4 dana<\/small><\/td>\n      <td style=\"width: 48px; text-align: center;\"><small>Analitika<\/small><\/td>\n    <\/tr>\n    <tr>\n      <td style=\"text-align: center;\"><small>__ gads<\/small><\/td>\n      <td style=\"text-align: center;\"><small>.otroci.org<\/small><\/td>\n      <td style=\"width: 578px; text-align: center;\"><small>Google\npostavlja ovaj kola\u010di\u0107 pod, ispod&nbsp; Dvostruki klik domena ,\npjesme the broj od puta korisnika vidjeti an oglas , mjere the kampanje\nuspjeh , i izra\u010dunava njegov prihod . Ovaj kola\u010di\u0107 limenka biti samo\n\u010ditan iz the domena trenutno su na i _ ne\u0107e pratiti _ bilo kakvih\npodataka dok oni pregledavaju _ drugo stranice .<\/small><\/td>\n      <td style=\"width: 159px; text-align: center;\"><small>1\ngodina 24 dana<\/small><\/td>\n      <td style=\"width: 48px; text-align: center;\"><small>Analitika<\/small><\/td>\n    <\/tr>\n    <tr>\n      <td style=\"text-align: center;\"><small>__ gpi<\/small><\/td>\n      <td style=\"text-align: center;\"><small>.otroci.org<\/small><\/td>\n      <td style=\"width: 578px; text-align: center;\"><small>Google\nAds Servis koristi ovaj kola\u010di\u0107 za prikupljanje informacija oko s vi\u0161e\nweb stranica za ponovno ciljanje oglasi .<\/small><\/td>\n      <td style=\"width: 159px; text-align: center;\"><small>1\ngodina 24 dana<\/small><\/td>\n      <td style=\"width: 48px; text-align: center;\"><small>Oglas<\/small><\/td>\n    <\/tr>\n    <tr>\n      <td style=\"text-align: center;\"><small>test_kola\u010di\u0107<\/small><\/td>\n      <td style=\"text-align: center;\"><small>.doubleclick.net<\/small><\/td>\n      <td style=\"width: 578px; text-align: center;\"><small>doubleclick.net\npostavlja ovaj kola\u010di\u0107 za odre\u0111ivanje ako the korisnika preglednik\npodr\u017eava kola\u010di\u0107i .<\/small><\/td>\n      <td style=\"width: 159px; text-align: center;\"><small>15\nminuta<\/small><\/td>\n      <td style=\"width: 48px; text-align: center;\"><small>Oglas<\/small><\/td>\n    <\/tr>\n    <tr>\n      <td style=\"text-align: center;\"><small>IDE<\/small><\/td>\n      <td style=\"text-align: center;\"><small>.doubleclick.net<\/small><\/td>\n      <td style=\"width: 578px; text-align: center;\"><small>Google\nDoubleClick IDE kola\u010di\u0107i pohranjuju informacije o tome kako korisnik\nkoristi the web stranicu za predstavljanje ih s relevantan oglasi prema\n_ _ korisni\u010dki profil.<\/small><\/td>\n      <td style=\"width: 159px; text-align: center;\"><small>1\ngodina 24 dana<\/small><\/td>\n      <td style=\"width: 48px; text-align: center;\"><small>Oglas<\/small><\/td>\n    <\/tr>\n    <tr>\n      <td style=\"text-align: center;\"><small>DSID<\/small><\/td>\n      <td style=\"text-align: center;\"><small>.doubleclick.net<\/small><\/td>\n      <td style=\"width: 578px; text-align: center;\"><small>Ovaj\nkola\u010di\u0107 postavlja _ Dvaput kliknite da biste zabilje\u017eili korisnika\nspecifi\u010dno korisnik identitet . Sadr\u017ei raspr\u0161eni \/ kriptirani _ _\njedinstveni ID.<\/small><\/td>\n      <td style=\"width: 159px; text-align: center;\"><small>1\nsat<\/small><\/td>\n      <td style=\"width: 48px; text-align: center;\"><small>Oglas<\/small><\/td>\n    <\/tr>\n    <tr>\n      <td style=\"text-align: center;\"><small>ar_debug<\/small><\/td>\n      <td style=\"text-align: center;\"><small>.googleadservices.com<\/small><\/td>\n      <td style=\"width: 578px; text-align: center;\"><small>Nema\nopisa<\/small><\/td>\n      <td style=\"width: 159px; text-align: center;\"><small>3\nmjeseca<\/small><\/td>\n      <td style=\"width: 48px; text-align: center;\"><small>ostalo<\/small><\/td>\n    <\/tr>\n    <tr>\n      <td style=\"text-align: center;\"><small>uid<\/small><\/td>\n      <td style=\"text-align: center;\"><small>.turn.com<\/small><\/td>\n      <td style=\"width: 578px; text-align: center;\"><small>Ovo\nje Google UserID kola\u010di\u0107 da staze korisnika preko razne web stranica\nsegmenti .<\/small><\/td>\n      <td style=\"width: 159px; text-align: center;\"><small>5\nmjeseci 27 dana<\/small><\/td>\n      <td style=\"width: 48px; text-align: center;\"><small>Analitika<\/small><\/td>\n    <\/tr>\n    <tr>\n      <td style=\"text-align: center;\"><small>d<\/small><\/td>\n      <td style=\"text-align: center;\"><small>.quantserve.com<\/small><\/td>\n      <td style=\"width: 578px; text-align: center;\"><small>Quantserver\npostavlja ovaj kola\u010di\u0107 anonimno _ staza informacije o tome kako\nposjetitelji koristiti the web stranica .<\/small><\/td>\n      <td style=\"width: 159px; text-align: center;\"><small>3\nmjeseca<\/small><\/td>\n      <td style=\"width: 48px; text-align: center;\"><small>Izvo\u0111enje<\/small><\/td>\n    <\/tr>\n    <tr>\n      <td style=\"text-align: center;\"><small>mc<\/small><\/td>\n      <td style=\"text-align: center;\"><small>.quantserve.com<\/small><\/td>\n      <td style=\"width: 578px; text-align: center;\"><small>Quantserver\npostavlja mc kola\u010di\u0107 za pra\u0107enje _ korisnik pona\u0161anje na _ web stranica\nanonimno .<\/small><\/td>\n      <td style=\"width: 159px; text-align: center;\"><small>1\ngodina 1 mjesec<\/small><\/td>\n      <td style=\"width: 48px; text-align: center;\"><small>Oglas<\/small><\/td>\n    <\/tr>\n    <tr>\n      <td style=\"text-align: center;\"><small>ANON_ID<\/small><\/td>\n      <td style=\"text-align: center;\"><small>.tribalfusion.com<\/small><\/td>\n      <td style=\"width: 578px; text-align: center;\"><small>Ovaj\nkola\u010di\u0107 , postavio Plemenski Fusion , prikuplja podatke o korisniku\nposjeta _ _ web stranica , kao \u0161to je ono stranice imati bio\npristupljeno .<\/small><\/td>\n      <td style=\"width: 159px; text-align: center;\"><small>3\nmjeseca<\/small><\/td>\n      <td style=\"width: 48px; text-align: center;\"><small>Analitika<\/small><\/td>\n    <\/tr>\n    <tr>\n      <td style=\"text-align: center;\"><small>ANON_ID_star<\/small><\/td>\n      <td style=\"text-align: center;\"><small>.tribalfusion.com<\/small><\/td>\n      <td style=\"width: 578px; text-align: center;\"><small>Ovaj\nkola\u010di\u0107 poma\u017ee u kategorizaciji the korisnika interes i stvarati _\nprofila u uvjetima od preprodaje od ciljani marketing. Ovaj kola\u010di\u0107 se\nkoristi za prikupljanje korisnik informacija kao \u0161to je ono stranice\nimati bio gledano na _ web stranica za stvaranje profili .<\/small><\/td>\n      <td style=\"width: 159px; text-align: center;\"><small>3\nmjeseca<\/small><\/td>\n      <td style=\"width: 48px; text-align: center;\"><small>Oglas<\/small><\/td>\n    <\/tr>\n  <\/tbody>\n<\/table>\n<br>\n<\/body>\n<\/html>\n\n\n\n\n<p>Zaklju\u010dak<br>Va\u0161a privatnost je va\u017ena za nas i trudimo se da va\u0161a iskustva na na\u0161oj web stranici budu sigurna i za\u0161ti\u0107ena. Kori\u0161tenjem kola\u010di\u0107a, mo\u017eemo pobolj\u0161ati funkcionalnost web stranice i pru\u017eiti vam personalizirano iskustvo pregledavanja.<\/p>\n\n\n\n<p>Va\u017eno je napomenuti da kola\u010di\u0107i ne sadr\u017ee va\u0161e osobne podatke i ne koristimo ih za identifikaciju pojedinaca. Informacije prikupljene putem kola\u010di\u0107a koristimo isklju\u010divo u svrhu analize statisti\u010dkih podataka i pobolj\u0161anja na\u0161e web stranice.<\/p>\n\n\n\n<p>Ako imate bilo kakva pitanja ili \u017eelite saznati vi\u0161e o na\u0161oj politici privatnosti i upravljanju kola\u010di\u0107ima, slobodno nas kontaktirajte putem informacija za kontakt navedenih na web stranici.<\/p>\n\n\n\n<p>Zahvaljujemo vam na povjerenju i nadamo se da \u0107ete u\u017eivati u kori\u0161tenju na\u0161e web stranice.<\/p>\n\n\n\n<p>Srda\u010dan pozdrav,<\/p>\n\n\n\n<p>Va\u0161a ekipa matematika.otroci.org<\/p>\n\n\n\n<h2 class=\"wp-block-heading\">Kontaktni obrazac<\/h2>\n\n\n\n<p><br>Ako imate bilo kakva pitanja, komentare ili trebate dodatne informacije, molimo kontaktirajte nas na e mail <a href=\"mailto:matematika@otroci.org\" target=\"_blank\" rel=\"noreferrer noopener\">matematika@otroci.org<\/a> ili ispunite dolje navedeni kontakt obrazac. Veselimo se va\u0161e poruke i potrudit \u0107emo se da vam \u0161to prije odgovorimo. Va\u0161e povratne informacije su nam vrlo va\u017ene.<\/p>\n\n\n<div class=\"wpforms-container wpforms-container-full wpforms-block wpforms-block-01fd8b6e-8056-4995-b103-4f14c0b5102c wpforms-render-modern\" id=\"wpforms-828\"><form id=\"wpforms-form-828\" class=\"wpforms-validate wpforms-form wpforms-ajax-form\" data-formid=\"828\" method=\"post\" enctype=\"multipart\/form-data\" action=\"\/index.php\/wp-json\/wp\/v2\/pages\/837\" data-token=\"bc4c7a4e9c3763ec16c9ce238ab13e6b\" data-token-time=\"1777798131\"><noscript class=\"wpforms-error-noscript\">Please enable JavaScript in your browser to complete this form.<\/noscript><div class=\"wpforms-hidden\" id=\"wpforms-error-noscript\">Please enable JavaScript in your browser to complete this form.<\/div><div class=\"wpforms-field-container\"><div id=\"wpforms-828-field_0-container\" class=\"wpforms-field wpforms-field-name\" data-field-id=\"0\"><label class=\"wpforms-field-label\" for=\"wpforms-828-field_0\">Ime i Prezime <span class=\"wpforms-required-label\" aria-hidden=\"true\">*<\/span><\/label><input type=\"text\" id=\"wpforms-828-field_0\" class=\"wpforms-field-medium wpforms-field-required\" name=\"wpforms[fields][0]\" aria-errormessage=\"wpforms-828-field_0-error\" required><\/div><div id=\"wpforms-828-field_1-container\" class=\"wpforms-field wpforms-field-email\" data-field-id=\"1\"><label class=\"wpforms-field-label\" for=\"wpforms-828-field_1\">Email <span class=\"wpforms-required-label\" aria-hidden=\"true\">*<\/span><\/label><input type=\"email\" id=\"wpforms-828-field_1\" class=\"wpforms-field-medium wpforms-field-required\" name=\"wpforms[fields][1]\" spellcheck=\"false\" aria-errormessage=\"wpforms-828-field_1-error\" required><\/div><div id=\"wpforms-828-field_2-container\" class=\"wpforms-field wpforms-field-textarea\" data-field-id=\"2\"><label class=\"wpforms-field-label\" for=\"wpforms-828-field_2\">Komentar ili poruka <span class=\"wpforms-required-label\" aria-hidden=\"true\">*<\/span><\/label><textarea id=\"wpforms-828-field_2\" class=\"wpforms-field-medium wpforms-field-required\" name=\"wpforms[fields][2]\" aria-errormessage=\"wpforms-828-field_2-error\" required><\/textarea><\/div><\/div><!-- .wpforms-field-container --><div class=\"wpforms-submit-container\" ><input type=\"hidden\" name=\"wpforms[id]\" value=\"828\"><input type=\"hidden\" name=\"page_title\" value=\"\"><input type=\"hidden\" name=\"page_url\" value=\"https:\/\/matematika.otroci.org\/index.php\/wp-json\/wp\/v2\/pages\/837\"><input type=\"hidden\" name=\"url_referer\" value=\"\"><button type=\"submit\" name=\"wpforms[submit]\" id=\"wpforms-submit-828\" class=\"wpforms-submit\" data-alt-text=\"\u0160aljem...\" data-submit-text=\"Po\u0161alji\" aria-live=\"assertive\" value=\"wpforms-submit\">Po\u0161alji<\/button><img loading=\"lazy\" decoding=\"async\" src=\"https:\/\/matematika.otroci.org\/wp-content\/plugins\/wpforms-lite\/assets\/images\/submit-spin.svg\" class=\"wpforms-submit-spinner\" style=\"display: none;\" width=\"26\" height=\"26\" alt=\"Loading\"><\/div><\/form><\/div>  <!-- .wpforms-container -->","protected":false},"excerpt":{"rendered":"<p>Po\u0161tovani posjetitelji, \u017delimo vas obavijestiti o va\u017enosti privatnosti i kori\u0161tenju kola\u010di\u0107a na na\u0161oj web stranici sukladno europskom zakonodavstvu, posebno Op\u0107oj<\/p>\n","protected":false},"author":1,"featured_media":0,"parent":0,"menu_order":0,"comment_status":"closed","ping_status":"closed","template":"","meta":{"footnotes":""},"class_list":["post-837","page","type-page","status-publish","hentry"],"aioseo_notices":[],"jetpack_sharing_enabled":true,"_links":{"self":[{"href":"https:\/\/matematika.otroci.org\/index.php\/wp-json\/wp\/v2\/pages\/837","targetHints":{"allow":["GET"]}}],"collection":[{"href":"https:\/\/matematika.otroci.org\/index.php\/wp-json\/wp\/v2\/pages"}],"about":[{"href":"https:\/\/matematika.otroci.org\/index.php\/wp-json\/wp\/v2\/types\/page"}],"author":[{"embeddable":true,"href":"https:\/\/matematika.otroci.org\/index.php\/wp-json\/wp\/v2\/users\/1"}],"replies":[{"embeddable":true,"href":"https:\/\/matematika.otroci.org\/index.php\/wp-json\/wp\/v2\/comments?post=837"}],"version-history":[{"count":6,"href":"https:\/\/matematika.otroci.org\/index.php\/wp-json\/wp\/v2\/pages\/837\/revisions"}],"predecessor-version":[{"id":3742,"href":"https:\/\/matematika.otroci.org\/index.php\/wp-json\/wp\/v2\/pages\/837\/revisions\/3742"}],"wp:attachment":[{"href":"https:\/\/matematika.otroci.org\/index.php\/wp-json\/wp\/v2\/media?parent=837"}],"curies":[{"name":"wp","href":"https:\/\/api.w.org\/{rel}","templated":true}]}}