{"id":840,"date":"2023-05-28T18:00:18","date_gmt":"2023-05-28T16:00:18","guid":{"rendered":"https:\/\/matematika.otroci.org\/?page_id=840"},"modified":"2023-08-24T12:47:52","modified_gmt":"2023-08-24T10:47:52","slug":"uvjeti-koristenja","status":"publish","type":"page","link":"https:\/\/matematika.otroci.org\/index.php\/uvjeti-koristenja\/","title":{"rendered":"Uvjeti kori\u0161tenja"},"content":{"rendered":"\n<p>Uvjeti kori\u0161tenja web stranice matematika.otroci.org<\/p>\n\n\n\n<p>Dobrodo\u0161li na web stranicu matematika.otroci.org. Prije nego \u0161to nastavite s kori\u0161tenjem ove web stranice, molimo vas da pa\u017eljivo pro\u010ditate i razumijete sljede\u0107e uvjete kori\u0161tenja. Pristupom i kori\u0161tenjem ove web stranice sla\u017eete se s ovim uvjetima i obvezujete se da \u0107ete ih po\u0161tivati. Ako se ne sla\u017eete s bilo kojim dijelom ovih uvjeta, molimo vas da napustite web stranicu.<\/p>\n\n\n\n<p>Intelektualno vlasni\u0161tvo<br>Sva autorska prava, trgova\u010dki znakovi i druga intelektualna vlasni\u0161tva na sadr\u017eaju ove web stranice (uklju\u010duju\u0107i, ali ne ograni\u010davaju\u0107i se na tekstove, slike, grafike, logotipe) pripadaju matematika.otroci.org ili su licencirana od strane odgovaraju\u0107ih vlasnika. Nije vam dopu\u0161teno reproducirati, distribuirati, kopirati ili koristiti bilo koji dio sadr\u017eaja bez izri\u010ditog pisanog dopu\u0161tenja vlasnika intelektualnog vlasni\u0161tva.<\/p>\n\n\n\n<p>Informacije i sadr\u017eaj<br>Sav sadr\u017eaj na ovoj web stranici pru\u017een je samo u informativne svrhe. matematika.otroci.org ne preuzima odgovornost za to\u010dnost, potpunost ili pouzdanost informacija koje se nalaze na web stranici. Kori\u0161tenje informacija s web stranice vr\u0161i se isklju\u010divo na va\u0161u vlastitu odgovornost.<\/p>\n\n\n\n<p>Vanjski linkovi<br>Ova web stranica mo\u017ee sadr\u017eavati veze do vanjskih web stranica koje nisu pod kontrolom matematika.otroci.org. Takvi vanjski linkovi pru\u017eaju se isklju\u010divo radi va\u0161e pogodnosti, i matematika.otroci.org ne preuzima odgovornost za sadr\u017eaj tih web stranica niti za bilo kakvu \u0161tetu ili gubitak koji mo\u017ee nastati kao rezultat njihovog kori\u0161tenja.<\/p>\n\n\n\n<p>Za\u0161tita privatnosti<br>Va\u0161a privatnost nam je va\u017ena. Molimo vas da prou\u010dite na\u0161u Politiku privatnosti kako biste saznali kako prikupljamo, koristimo i \u0161titimo va\u0161e osobne podatke prilikom kori\u0161tenja ove web stranice.<\/p>\n\n\n\n<p>Ograni\u010denja odgovornosti<br>U mjeri dopu\u0161tenoj zakonom, matematika.otroci.org ne snosi odgovornost za bilo kakvu \u0161tetu, gubitke ili tro\u0161kove koji proizlaze iz kori\u0161tenja ove web stranice ili nemogu\u0107nosti kori\u0161tenja, uklju\u010duju\u0107i, ali ne ograni\u010davaju\u0107i se na, direktne, neizrektne, posebne, slu\u010dajne ili posljedi\u010dne \u0161tete.<\/p>\n\n\n\n<p>Promjene uvjeta<br>matematika.otroci.org zadr\u017eava pravo izmjene ovih uvjeta kori\u0161tenja u bilo kojem trenutku i bez prethodne najave. Preporu\u010dujemo vam da povremeno provjeravate ovu stranicu kako biste bili informirani o eventualnim promjenama.<\/p>\n\n\n\n<p>Pristupanje web stranici<br>matematika.otroci.org zadr\u017eava pravo ograni\u010diti ili onemogu\u0107iti pristup web stranici u bilo kojem trenutku i iz bilo kojeg razloga, uklju\u010duju\u0107i tehni\u010dke pote\u0161ko\u0107e, odr\u017eavanje ili bilo kakve druge okolnosti.<\/p>\n\n\n\n<p>Va\u0161e obveze<br>Prilikom kori\u0161tenja ove web stranice, obvezujete se da \u0107ete po\u0161tivati sve primjenjive zakone i propise te se suzdr\u017eati od bilo kakvog nezakonitog ili neprikladnog pona\u0161anja. Tako\u0111er se obvezujete da ne\u0107ete ometati ili o\u0161tetiti rad web stranice niti pristup drugim korisnicima.<\/p>\n\n\n\n<p>Primjenjivi zakon<br>Ovi uvjeti kori\u0161tenja reguliraju se i tuma\u010de prema zakonima Republike Slovenije. Svaki spor koji proizlazi iz ili je u vezi s ovim uvjetima kori\u0161tenja podlije\u017ee isklju\u010divo nadle\u017enosti sudova u Sloveniji.<\/p>\n\n\n\n<p>Hvala \u0161to ste pro\u010ditali uvjete kori\u0161tenja web stranice matematika.otroci.org. U slu\u010daju bilo kakvih pitanja ili nedoumica, slobodno nas kontaktirajte putem informacija za kontakt navedenih na web stranici.<\/p>\n\n\n\n<p>Datum zadnje izmjene: 25.08.2023<\/p>\n\n\n\n<p>Srda\u010dan pozdrav,<\/p>\n\n\n\n<p>matematika.otroci.org<\/p>\n\n\n\n<h2 class=\"wp-block-heading\">Kontaktni obrazac<\/h2>\n\n\n\n<p>Ako imate bilo kakva pitanja, komentare ili trebate dodatne informacije, molimo kontaktirajte nas na e mail <a href=\"mailto:matematika@otroci.org\" target=\"_blank\" rel=\"noreferrer noopener\">matematika@otroci.org<\/a> ili ispunite dolje navedeni kontakt obrazac. Veselimo se va\u0161e poruke i potrudit \u0107emo se da vam \u0161to prije odgovorimo. Va\u0161e povratne informacije su nam vrlo va\u017ene.<\/p>\n\n\n\n<p>Hvala vam!<\/p>\n\n\n<div class=\"wpforms-container wpforms-container-full wpforms-block wpforms-block-2904fbd5-ac7a-4e4d-a749-38d4b5e052ae wpforms-render-modern\" id=\"wpforms-828\"><form id=\"wpforms-form-828\" class=\"wpforms-validate wpforms-form wpforms-ajax-form\" data-formid=\"828\" method=\"post\" enctype=\"multipart\/form-data\" action=\"\/index.php\/wp-json\/wp\/v2\/pages\/840\" data-token=\"60e7b4bbb30dac7ddd03f9fd3247e7d4\" data-token-time=\"1777608075\"><noscript class=\"wpforms-error-noscript\">Please enable JavaScript in your browser to complete this form.<\/noscript><div class=\"wpforms-hidden\" id=\"wpforms-error-noscript\">Please enable JavaScript in your browser to complete this form.<\/div><div class=\"wpforms-field-container\"><div id=\"wpforms-828-field_0-container\" class=\"wpforms-field wpforms-field-name\" data-field-id=\"0\"><label class=\"wpforms-field-label\" for=\"wpforms-828-field_0\">Ime i Prezime <span class=\"wpforms-required-label\" aria-hidden=\"true\">*<\/span><\/label><input type=\"text\" id=\"wpforms-828-field_0\" class=\"wpforms-field-medium wpforms-field-required\" name=\"wpforms[fields][0]\" aria-errormessage=\"wpforms-828-field_0-error\" required><\/div><div id=\"wpforms-828-field_1-container\" class=\"wpforms-field wpforms-field-email\" data-field-id=\"1\"><label class=\"wpforms-field-label\" for=\"wpforms-828-field_1\">Email <span class=\"wpforms-required-label\" aria-hidden=\"true\">*<\/span><\/label><input type=\"email\" id=\"wpforms-828-field_1\" class=\"wpforms-field-medium wpforms-field-required\" name=\"wpforms[fields][1]\" spellcheck=\"false\" aria-errormessage=\"wpforms-828-field_1-error\" required><\/div><div id=\"wpforms-828-field_2-container\" class=\"wpforms-field wpforms-field-textarea\" data-field-id=\"2\"><label class=\"wpforms-field-label\" for=\"wpforms-828-field_2\">Komentar ili poruka <span class=\"wpforms-required-label\" aria-hidden=\"true\">*<\/span><\/label><textarea id=\"wpforms-828-field_2\" class=\"wpforms-field-medium wpforms-field-required\" name=\"wpforms[fields][2]\" aria-errormessage=\"wpforms-828-field_2-error\" required><\/textarea><\/div><\/div><!-- .wpforms-field-container --><div class=\"wpforms-submit-container\" ><input type=\"hidden\" name=\"wpforms[id]\" value=\"828\"><input type=\"hidden\" name=\"page_title\" value=\"\"><input type=\"hidden\" name=\"page_url\" value=\"https:\/\/matematika.otroci.org\/index.php\/wp-json\/wp\/v2\/pages\/840\"><input type=\"hidden\" name=\"url_referer\" value=\"\"><button type=\"submit\" name=\"wpforms[submit]\" id=\"wpforms-submit-828\" class=\"wpforms-submit\" data-alt-text=\"\u0160aljem...\" data-submit-text=\"Po\u0161alji\" aria-live=\"assertive\" value=\"wpforms-submit\">Po\u0161alji<\/button><img loading=\"lazy\" decoding=\"async\" src=\"https:\/\/matematika.otroci.org\/wp-content\/plugins\/wpforms-lite\/assets\/images\/submit-spin.svg\" class=\"wpforms-submit-spinner\" style=\"display: none;\" width=\"26\" height=\"26\" alt=\"Loading\"><\/div><\/form><\/div>  <!-- .wpforms-container -->","protected":false},"excerpt":{"rendered":"<p>Uvjeti kori\u0161tenja web stranice matematika.otroci.org Dobrodo\u0161li na web stranicu matematika.otroci.org. Prije nego \u0161to nastavite s kori\u0161tenjem ove web stranice, molimo<\/p>\n","protected":false},"author":1,"featured_media":0,"parent":0,"menu_order":0,"comment_status":"closed","ping_status":"closed","template":"","meta":{"footnotes":""},"class_list":["post-840","page","type-page","status-publish","hentry"],"aioseo_notices":[],"jetpack_sharing_enabled":true,"_links":{"self":[{"href":"https:\/\/matematika.otroci.org\/index.php\/wp-json\/wp\/v2\/pages\/840","targetHints":{"allow":["GET"]}}],"collection":[{"href":"https:\/\/matematika.otroci.org\/index.php\/wp-json\/wp\/v2\/pages"}],"about":[{"href":"https:\/\/matematika.otroci.org\/index.php\/wp-json\/wp\/v2\/types\/page"}],"author":[{"embeddable":true,"href":"https:\/\/matematika.otroci.org\/index.php\/wp-json\/wp\/v2\/users\/1"}],"replies":[{"embeddable":true,"href":"https:\/\/matematika.otroci.org\/index.php\/wp-json\/wp\/v2\/comments?post=840"}],"version-history":[{"count":6,"href":"https:\/\/matematika.otroci.org\/index.php\/wp-json\/wp\/v2\/pages\/840\/revisions"}],"predecessor-version":[{"id":3757,"href":"https:\/\/matematika.otroci.org\/index.php\/wp-json\/wp\/v2\/pages\/840\/revisions\/3757"}],"wp:attachment":[{"href":"https:\/\/matematika.otroci.org\/index.php\/wp-json\/wp\/v2\/media?parent=840"}],"curies":[{"name":"wp","href":"https:\/\/api.w.org\/{rel}","templated":true}]}}